{"id":70,"date":"2025-08-14T11:58:44","date_gmt":"2025-08-14T11:58:44","guid":{"rendered":"https:\/\/wesmiletogether.com\/?page_id=70"},"modified":"2025-08-14T11:58:44","modified_gmt":"2025-08-14T11:58:44","slug":"zahnaufhellung-risiken-und-nutzen","status":"publish","type":"page","link":"https:\/\/wesmiletogether.com\/?page_id=70","title":{"rendered":"Zahnaufhellung: Risiken und Nutzen"},"content":{"rendered":"<p>[et_pb_section fb_built=&#8220;1&#8243; admin_label=&#8220;Header&#8220; _builder_version=&#8220;4.24.2&#8243; _module_preset=&#8220;default&#8220; locked=&#8220;off&#8220; collapsed=&#8220;on&#8220; global_colors_info=&#8220;{}&#8220; theme_builder_area=&#8220;post_content&#8220;][et_pb_row _builder_version=&#8220;4.24.2&#8243; _module_preset=&#8220;default&#8220; width=&#8220;90%&#8220; max_width=&#8220;2000px&#8220; global_colors_info=&#8220;{}&#8220; theme_builder_area=&#8220;post_content&#8220;][et_pb_column type=&#8220;4_4&#8243; _builder_version=&#8220;4.24.2&#8243; _module_preset=&#8220;default&#8220; global_colors_info=&#8220;{}&#8220; theme_builder_area=&#8220;post_content&#8220;][et_pb_text _builder_version=&#8220;4.24.2&#8243; _module_preset=&#8220;101ca56a-e318-4e31-a204-675793edae90&#8243; global_colors_info=&#8220;{}&#8220; theme_builder_area=&#8220;post_content&#8220;]<\/p>\n<h1><b>Zahnaufhellung: Risiken und Nutzen<\/b><\/h1>\n<p>[\/et_pb_text][\/et_pb_column][\/et_pb_row][et_pb_row column_structure=&#8220;1_2,1_2&#8243; _builder_version=&#8220;4.24.2&#8243; _module_preset=&#8220;default&#8220; width=&#8220;90%&#8220; max_width=&#8220;2000px&#8220; global_colors_info=&#8220;{}&#8220; theme_builder_area=&#8220;post_content&#8220;][et_pb_column type=&#8220;1_2&#8243; _builder_version=&#8220;4.24.2&#8243; _module_preset=&#8220;default&#8220; global_colors_info=&#8220;{}&#8220; theme_builder_area=&#8220;post_content&#8220;][et_pb_text _builder_version=&#8220;4.22.1&#8243; _module_preset=&#8220;a9f55de2-a513-4e9b-9d8d-b59a434d4c24&#8243; hover_enabled=&#8220;0&#8243; global_colors_info=&#8220;{}&#8220; theme_builder_area=&#8220;post_content&#8220; sticky_enabled=&#8220;0&#8243;]<\/p>\n<p><b>Strahlend weisse Z\u00e4hne\u00a0\u00a0<\/b><\/p>\n<p><span style=\"font-weight: 400;\">Ein helles, gleichm\u00e4ssiges L\u00e4cheln steht f\u00fcr Gesundheit, Jugend und Attraktivit\u00e4t. Kein Wunder also, dass die Nachfrage nach Zahnaufhellung (Bleaching) in den letzten Jahren stark gestiegen ist. Doch wie wirksam ist diese Methode wirklich und welche Risiken sind damit verbunden?<\/span><\/p>\n<p>[\/et_pb_text][\/et_pb_column][et_pb_column type=&#8220;1_2&#8243; _builder_version=&#8220;4.24.2&#8243; _module_preset=&#8220;default&#8220; global_colors_info=&#8220;{}&#8220; theme_builder_area=&#8220;post_content&#8220;][\/et_pb_column][\/et_pb_row][et_pb_row column_structure=&#8220;1_2,1_2&#8243; _builder_version=&#8220;4.24.2&#8243; _module_preset=&#8220;default&#8220; width=&#8220;90%&#8220; max_width=&#8220;2000px&#8220; global_colors_info=&#8220;{}&#8220; theme_builder_area=&#8220;post_content&#8220;][et_pb_column type=&#8220;1_2&#8243; _builder_version=&#8220;4.24.2&#8243; _module_preset=&#8220;default&#8220; global_colors_info=&#8220;{}&#8220; theme_builder_area=&#8220;post_content&#8220;][et_pb_text _builder_version=&#8220;4.22.1&#8243; _module_preset=&#8220;a9f55de2-a513-4e9b-9d8d-b59a434d4c24&#8243; hover_enabled=&#8220;0&#8243; global_colors_info=&#8220;{}&#8220; theme_builder_area=&#8220;post_content&#8220; sticky_enabled=&#8220;0&#8243;]<\/p>\n<p><b>Der Nutzen einer Zahnaufhellung<\/b><\/p>\n<p><span style=\"font-weight: 400;\">Zahnaufhellung kann helfen bei:<\/span><\/p>\n<ul>\n<li style=\"font-weight: 400;\" aria-level=\"1\"><span style=\"font-weight: 400;\">Verf\u00e4rbungen durch Kaffee, Tee, Rotwein oder Nikotin<\/span><span style=\"font-weight: 400;\"><br \/><\/span><\/li>\n<li style=\"font-weight: 400;\" aria-level=\"1\"><span style=\"font-weight: 400;\">Altersbedingten Nachdunkeln der Z\u00e4hne<\/span><span style=\"font-weight: 400;\"><br \/><\/span><\/li>\n<li style=\"font-weight: 400;\" aria-level=\"1\"><span style=\"font-weight: 400;\">Verf\u00e4rbungen nach Wurzelbehandlungen<\/span><span style=\"font-weight: 400;\"><br \/><\/span><\/li>\n<li style=\"font-weight: 400;\" aria-level=\"1\"><span style=\"font-weight: 400;\">Allgemeinem Wunsch nach einem helleren L\u00e4cheln<\/span><span style=\"font-weight: 400;\"><br \/><\/span><\/li>\n<\/ul>\n<p><span style=\"font-weight: 400;\">Professionelles Bleaching beim Zahnarzt ist besonders wirksam und sicher. Die Z\u00e4hne k\u00f6nnen in einer oder mehreren Sitzungen um mehrere Abstufung aufgehellt werden mit sichtbarem Soforteffekt.<\/span><\/p>\n<p>[\/et_pb_text][\/et_pb_column][et_pb_column type=&#8220;1_2&#8243; _builder_version=&#8220;4.24.2&#8243; _module_preset=&#8220;default&#8220; global_colors_info=&#8220;{}&#8220; theme_builder_area=&#8220;post_content&#8220;][et_pb_text _builder_version=&#8220;4.22.1&#8243; _module_preset=&#8220;a9f55de2-a513-4e9b-9d8d-b59a434d4c24&#8243; hover_enabled=&#8220;0&#8243; global_colors_info=&#8220;{}&#8220; theme_builder_area=&#8220;post_content&#8220; sticky_enabled=&#8220;0&#8243;]<\/p>\n<p><b>M\u00f6gliche Risiken und Nebenwirkungen<\/b><\/p>\n<p><span style=\"font-weight: 400;\">Obwohl die Zahnaufhellung heute als sicher gilt, sind einige Nebenwirkungen m\u00f6glich, insbesondere bei unsachgem\u00e4sser Anwendung:<\/span><\/p>\n<ul>\n<li style=\"font-weight: 400;\" aria-level=\"1\"><span style=\"font-weight: 400;\">Empfindliche Z\u00e4hne (vor\u00fcbergehend nach der Behandlung)<\/span><span style=\"font-weight: 400;\"><br \/><\/span><\/li>\n<li style=\"font-weight: 400;\" aria-level=\"1\"><span style=\"font-weight: 400;\">Reizungen des Zahnfleisches bei Kontakt mit dem Bleichgel<\/span><span style=\"font-weight: 400;\"><br \/><\/span><\/li>\n<li style=\"font-weight: 400;\" aria-level=\"1\"><span style=\"font-weight: 400;\">Ungleichm\u00e4ssiges Ergebnis bei F\u00fcllungen, Kronen oder stark gesch\u00e4digten Z\u00e4hnen<\/span><span style=\"font-weight: 400;\"><br \/><\/span><\/li>\n<li style=\"font-weight: 400;\" aria-level=\"1\"><span style=\"font-weight: 400;\">Wirkungslimit: Nicht alle Verf\u00e4rbungen lassen sich vollst\u00e4ndig entfernen<\/span><span style=\"font-weight: 400;\">\n<p><\/span><\/li>\n<\/ul>\n<p><span style=\"font-weight: 400;\">Besonders bei <\/span><b>Bleaching-Produkten aus dem Internet oder der Drogerie<\/b><span style=\"font-weight: 400;\"> ist Vorsicht geboten: Die enthaltenen Stoffe sind oft zu schwach oder unsicher dosiert und das Ergebnis entt\u00e4uschend oder sogar sch\u00e4dlich.<\/span><\/p>\n<p>[\/et_pb_text][\/et_pb_column][\/et_pb_row][et_pb_row _builder_version=&#8220;4.24.2&#8243; _module_preset=&#8220;default&#8220; width=&#8220;90%&#8220; max_width=&#8220;2000px&#8220; global_colors_info=&#8220;{}&#8220; theme_builder_area=&#8220;post_content&#8220;][et_pb_column type=&#8220;4_4&#8243; _builder_version=&#8220;4.24.2&#8243; _module_preset=&#8220;default&#8220; global_colors_info=&#8220;{}&#8220; theme_builder_area=&#8220;post_content&#8220;][et_pb_text _builder_version=&#8220;4.22.1&#8243; _module_preset=&#8220;a9f55de2-a513-4e9b-9d8d-b59a434d4c24&#8243; hover_enabled=&#8220;0&#8243; global_colors_info=&#8220;{}&#8220; theme_builder_area=&#8220;post_content&#8220; sticky_enabled=&#8220;0&#8243;]<\/p>\n<p><b>Wann ist eine Zahnaufhellung nicht empfehlenswert?<\/b><\/p>\n<ul>\n<li style=\"font-weight: 400;\" aria-level=\"1\"><span style=\"font-weight: 400;\">Bei Karies, Zahnfleischentz\u00fcndung oder undichten F\u00fcllungen<\/span><span style=\"font-weight: 400;\"><br \/><\/span><\/li>\n<li style=\"font-weight: 400;\" aria-level=\"1\"><span style=\"font-weight: 400;\">In der Schwangerschaft oder Stillzeit<\/span><span style=\"font-weight: 400;\"><br \/><\/span><\/li>\n<li style=\"font-weight: 400;\" aria-level=\"1\"><span style=\"font-weight: 400;\">Bei Kindern und Jugendlichen<\/span><span style=\"font-weight: 400;\">\n<p><\/span><\/li>\n<\/ul>\n<p><span style=\"font-weight: 400;\">Bei sehr empfindlichen Z\u00e4hnen oder offenliegenden Zahnh\u00e4lsen<\/span><span style=\"font-weight: 400;\"><br \/><\/span><\/p>\n<p>[\/et_pb_text][\/et_pb_column][\/et_pb_row][et_pb_row column_structure=&#8220;1_2,1_2&#8243; _builder_version=&#8220;4.24.2&#8243; _module_preset=&#8220;default&#8220; width=&#8220;90%&#8220; max_width=&#8220;2000px&#8220; global_colors_info=&#8220;{}&#8220; theme_builder_area=&#8220;post_content&#8220;][et_pb_column type=&#8220;1_2&#8243; _builder_version=&#8220;4.24.2&#8243; _module_preset=&#8220;default&#8220; global_colors_info=&#8220;{}&#8220; theme_builder_area=&#8220;post_content&#8220;][et_pb_text _builder_version=&#8220;4.22.1&#8243; _module_preset=&#8220;a9f55de2-a513-4e9b-9d8d-b59a434d4c24&#8243; hover_enabled=&#8220;0&#8243; global_colors_info=&#8220;{}&#8220; theme_builder_area=&#8220;post_content&#8220; sticky_enabled=&#8220;0&#8243;]<\/p>\n<p><b>Fazit<\/b><\/p>\n<p><span style=\"font-weight: 400;\">Zahnaufhellung kann das Selbstbewusstsein st\u00e4rken und das Erscheinungsbild positiv ver\u00e4ndern, sofern sie professionell durchgef\u00fchrt wird. Vor jedem Bleaching sollte eine zahn\u00e4rztliche Untersuchung erfolgen, um sicherzustellen, dass die Z\u00e4hne gesund sind und die Behandlung sinnvoll ist.<\/span><\/p>\n<p><b>Tipp:<\/b><span style=\"font-weight: 400;\"> Wer langfristig weisse Z\u00e4hne behalten m\u00f6chte, sollte auf regelm\u00e4ssige Prophylaxe, zahnschonende Ern\u00e4hrung und eine gute Mundhygiene achten.<\/span><\/p>\n<p>[\/et_pb_text][\/et_pb_column][et_pb_column type=&#8220;1_2&#8243; _builder_version=&#8220;4.24.2&#8243; _module_preset=&#8220;default&#8220; global_colors_info=&#8220;{}&#8220; theme_builder_area=&#8220;post_content&#8220;][\/et_pb_column][\/et_pb_row][\/et_pb_section][et_pb_section fb_built=&#8220;1&#8243; admin_label=&#8220;Full Width Video&#8220; _builder_version=&#8220;4.24.2&#8243; _module_preset=&#8220;default&#8220; background_color=&#8220;#000000&#8243; custom_padding=&#8220;0px||0px||true|false&#8220; locked=&#8220;off&#8220; collapsed=&#8220;on&#8220; global_colors_info=&#8220;{}&#8220; theme_builder_area=&#8220;post_content&#8220;][\/et_pb_section][et_pb_section fb_built=&#8220;1&#8243; admin_label=&#8220;Footer&#8220; _builder_version=&#8220;4.24.2&#8243; _module_preset=&#8220;default&#8220; saved_tabs=&#8220;all&#8220; collapsed=&#8220;on&#8220; global_colors_info=&#8220;{}&#8220; theme_builder_area=&#8220;post_content&#8220;][\/et_pb_section]<\/p>\n","protected":false},"excerpt":{"rendered":"<p>Zahnaufhellung: Risiken und NutzenStrahlend weisse Z\u00e4hne\u00a0\u00a0 Ein helles, gleichm\u00e4ssiges L\u00e4cheln steht f\u00fcr Gesundheit, Jugend und Attraktivit\u00e4t. Kein Wunder also, dass die Nachfrage nach Zahnaufhellung (Bleaching) in den letzten Jahren stark gestiegen ist. Doch wie wirksam ist diese Methode wirklich und welche Risiken sind damit verbunden?Der Nutzen einer Zahnaufhellung Zahnaufhellung kann helfen bei: Verf\u00e4rbungen durch Kaffee, [&hellip;]<\/p>\n","protected":false},"author":1,"featured_media":0,"parent":0,"menu_order":0,"comment_status":"closed","ping_status":"closed","template":"","meta":{"_et_pb_use_builder":"on","_et_pb_old_content":"","_et_gb_content_width":"","footnotes":""},"class_list":["post-70","page","type-page","status-publish","hentry"],"_links":{"self":[{"href":"https:\/\/wesmiletogether.com\/index.php?rest_route=\/wp\/v2\/pages\/70","targetHints":{"allow":["GET"]}}],"collection":[{"href":"https:\/\/wesmiletogether.com\/index.php?rest_route=\/wp\/v2\/pages"}],"about":[{"href":"https:\/\/wesmiletogether.com\/index.php?rest_route=\/wp\/v2\/types\/page"}],"author":[{"embeddable":true,"href":"https:\/\/wesmiletogether.com\/index.php?rest_route=\/wp\/v2\/users\/1"}],"replies":[{"embeddable":true,"href":"https:\/\/wesmiletogether.com\/index.php?rest_route=%2Fwp%2Fv2%2Fcomments&post=70"}],"version-history":[{"count":2,"href":"https:\/\/wesmiletogether.com\/index.php?rest_route=\/wp\/v2\/pages\/70\/revisions"}],"predecessor-version":[{"id":73,"href":"https:\/\/wesmiletogether.com\/index.php?rest_route=\/wp\/v2\/pages\/70\/revisions\/73"}],"wp:attachment":[{"href":"https:\/\/wesmiletogether.com\/index.php?rest_route=%2Fwp%2Fv2%2Fmedia&parent=70"}],"curies":[{"name":"wp","href":"https:\/\/api.w.org\/{rel}","templated":true}]}}